{"id":51,"date":"2022-05-13T18:20:39","date_gmt":"2022-05-13T21:20:39","guid":{"rendered":"https:\/\/mais1cafe.com.br\/diadosnamorados\/?page_id=51"},"modified":"2022-05-18T17:42:53","modified_gmt":"2022-05-18T20:42:53","slug":"presente-de-dia-dos-namorados-apaixonados-por-cafe","status":"publish","type":"page","link":"https:\/\/mais1cafe.com.br\/diadosnamorados\/index.php\/presente-de-dia-dos-namorados-apaixonados-por-cafe\/","title":{"rendered":"Presente de dia dos namorados apaixonados por caf\u00e9"},"content":{"rendered":"\t\t<div data-elementor-type=\"wp-page\" data-elementor-id=\"51\" class=\"elementor elementor-51\">\n\t\t\t\t\t\t\t\t\t<section class=\"elementor-section elementor-top-section elementor-element elementor-element-6da66e1 elementor-section-boxed elementor-section-height-default elementor-section-height-default\" data-id=\"6da66e1\" data-element_type=\"section\" data-settings=\"{&quot;background_background&quot;:&quot;slideshow&quot;,&quot;background_slideshow_gallery&quot;:[{&quot;id&quot;:82,&quot;url&quot;:&quot;https:\\\/\\\/mais1cafe.com.br\\\/diadosnamorados\\\/wp-content\\\/uploads\\\/2022\\\/05\\\/Materia-3-scaled.webp&quot;}],&quot;background_slideshow_loop&quot;:&quot;yes&quot;,&quot;background_slideshow_slide_duration&quot;:5000,&quot;background_slideshow_slide_transition&quot;:&quot;fade&quot;,&quot;background_slideshow_transition_duration&quot;:500}\">\n\t\t\t\t\t\t<div class=\"elementor-container elementor-column-gap-default\">\n\t\t\t\t\t<div class=\"elementor-column elementor-col-100 elementor-top-column elementor-element elementor-element-e1b2490\" data-id=\"e1b2490\" data-element_type=\"column\">\n\t\t\t<div class=\"elementor-widget-wrap elementor-element-populated\">\n\t\t\t\t\t\t\t\t<div class=\"elementor-element elementor-element-5b908f7 elementor-widget elementor-widget-spacer\" data-id=\"5b908f7\" data-element_type=\"widget\" data-widget_type=\"spacer.default\">\n\t\t\t\t<div class=\"elementor-widget-container\">\n\t\t\t<style>\/*! elementor - v3.6.5 - 27-04-2022 *\/\n.e-container.e-container--row .elementor-spacer-inner{width:var(--spacer-size)}.e-container.e-container--column .elementor-spacer-inner,.elementor-column .elementor-spacer-inner{height:var(--spacer-size)}<\/style>\t\t<div class=\"elementor-spacer\">\n\t\t\t<div class=\"elementor-spacer-inner\"><\/div>\n\t\t<\/div>\n\t\t\t\t<\/div>\n\t\t\t\t<\/div>\n\t\t\t\t\t<\/div>\n\t\t<\/div>\n\t\t\t\t\t\t\t<\/div>\n\t\t<\/section>\n\t\t\t\t<section class=\"elementor-section elementor-top-section elementor-element elementor-element-cd5e988 elementor-section-boxed elementor-section-height-default elementor-section-height-default\" data-id=\"cd5e988\" data-element_type=\"section\">\n\t\t\t\t\t\t<div class=\"elementor-container elementor-column-gap-default\">\n\t\t\t\t\t<div class=\"elementor-column elementor-col-33 elementor-top-column elementor-element elementor-element-6f9ff92\" data-id=\"6f9ff92\" data-element_type=\"column\">\n\t\t\t<div class=\"elementor-widget-wrap elementor-element-populated\">\n\t\t\t\t\t\t\t\t<div class=\"elementor-element elementor-element-b84fff9 elementor-widget elementor-widget-image\" data-id=\"b84fff9\" data-element_type=\"widget\" data-widget_type=\"image.default\">\n\t\t\t\t<div class=\"elementor-widget-container\">\n\t\t\t<style>\/*! elementor - v3.6.5 - 27-04-2022 *\/\n.elementor-widget-image{text-align:center}.elementor-widget-image a{display:inline-block}.elementor-widget-image a img[src$=\".svg\"]{width:48px}.elementor-widget-image img{vertical-align:middle;display:inline-block}<\/style>\t\t\t\t\t\t\t\t\t\t\t\t\t<a href=\"https:\/\/www.mais1cafe.com.br\/diadosnamorados\">\n\t\t\t\t\t\t\t<img width=\"207\" height=\"300\" src=\"https:\/\/mais1cafe.com.br\/diadosnamorados\/wp-content\/uploads\/2022\/05\/logo@4x-207x300.png\" class=\"attachment-medium size-medium\" alt=\"\" loading=\"lazy\" srcset=\"https:\/\/mais1cafe.com.br\/diadosnamorados\/wp-content\/uploads\/2022\/05\/logo@4x-207x300.png 207w, https:\/\/mais1cafe.com.br\/diadosnamorados\/wp-content\/uploads\/2022\/05\/logo@4x-707x1024.png 707w, https:\/\/mais1cafe.com.br\/diadosnamorados\/wp-content\/uploads\/2022\/05\/logo@4x-768x1112.png 768w, https:\/\/mais1cafe.com.br\/diadosnamorados\/wp-content\/uploads\/2022\/05\/logo@4x-1061x1536.png 1061w, https:\/\/mais1cafe.com.br\/diadosnamorados\/wp-content\/uploads\/2022\/05\/logo@4x.png 1206w\" sizes=\"(max-width: 207px) 100vw, 207px\" \/>\t\t\t\t\t\t\t\t<\/a>\n\t\t\t\t\t\t\t\t\t\t\t\t\t\t\t<\/div>\n\t\t\t\t<\/div>\n\t\t\t\t\t<\/div>\n\t\t<\/div>\n\t\t\t\t<div class=\"elementor-column elementor-col-66 elementor-top-column elementor-element elementor-element-d2e43ce\" data-id=\"d2e43ce\" data-element_type=\"column\">\n\t\t\t<div class=\"elementor-widget-wrap\">\n\t\t\t\t\t\t\t\t\t<\/div>\n\t\t<\/div>\n\t\t\t\t\t\t\t<\/div>\n\t\t<\/section>\n\t\t\t\t<section class=\"elementor-section elementor-top-section elementor-element elementor-element-a1794ff elementor-section-boxed elementor-section-height-default elementor-section-height-default\" data-id=\"a1794ff\" data-element_type=\"section\">\n\t\t\t\t\t\t<div class=\"elementor-container elementor-column-gap-default\">\n\t\t\t\t\t<div class=\"elementor-column elementor-col-100 elementor-top-column elementor-element elementor-element-290a495\" data-id=\"290a495\" data-element_type=\"column\">\n\t\t\t<div class=\"elementor-widget-wrap elementor-element-populated\">\n\t\t\t\t\t\t\t\t<div class=\"elementor-element elementor-element-c9dafac elementor-widget elementor-widget-spacer\" data-id=\"c9dafac\" data-element_type=\"widget\" data-widget_type=\"spacer.default\">\n\t\t\t\t<div class=\"elementor-widget-container\">\n\t\t\t\t\t<div class=\"elementor-spacer\">\n\t\t\t<div class=\"elementor-spacer-inner\"><\/div>\n\t\t<\/div>\n\t\t\t\t<\/div>\n\t\t\t\t<\/div>\n\t\t\t\t\t<\/div>\n\t\t<\/div>\n\t\t\t\t\t\t\t<\/div>\n\t\t<\/section>\n\t\t\t\t<section class=\"elementor-section elementor-top-section elementor-element elementor-element-b88037e elementor-section-boxed elementor-section-height-default elementor-section-height-default\" data-id=\"b88037e\" data-element_type=\"section\">\n\t\t\t\t\t\t<div class=\"elementor-container elementor-column-gap-default\">\n\t\t\t\t\t<div class=\"elementor-column elementor-col-100 elementor-top-column elementor-element elementor-element-b783958\" data-id=\"b783958\" data-element_type=\"column\">\n\t\t\t<div class=\"elementor-widget-wrap elementor-element-populated\">\n\t\t\t\t\t\t\t\t<div class=\"elementor-element elementor-element-358d06f elementor-widget elementor-widget-heading\" data-id=\"358d06f\" data-element_type=\"widget\" data-widget_type=\"heading.default\">\n\t\t\t\t<div class=\"elementor-widget-container\">\n\t\t\t<style>\/*! elementor - v3.6.5 - 27-04-2022 *\/\n.elementor-heading-title{padding:0;margin:0;line-height:1}.elementor-widget-heading .elementor-heading-title[class*=elementor-size-]>a{color:inherit;font-size:inherit;line-height:inherit}.elementor-widget-heading .elementor-heading-title.elementor-size-small{font-size:15px}.elementor-widget-heading .elementor-heading-title.elementor-size-medium{font-size:19px}.elementor-widget-heading .elementor-heading-title.elementor-size-large{font-size:29px}.elementor-widget-heading .elementor-heading-title.elementor-size-xl{font-size:39px}.elementor-widget-heading .elementor-heading-title.elementor-size-xxl{font-size:59px}<\/style><h2 class=\"elementor-heading-title elementor-size-default\">Presente de dia dos namorados<br>apaixonados por caf\u00e9<\/h2>\t\t<\/div>\n\t\t\t\t<\/div>\n\t\t\t\t\t<\/div>\n\t\t<\/div>\n\t\t\t\t\t\t\t<\/div>\n\t\t<\/section>\n\t\t\t\t<section class=\"elementor-section elementor-top-section elementor-element elementor-element-38775e9 elementor-section-boxed elementor-section-height-default elementor-section-height-default\" data-id=\"38775e9\" data-element_type=\"section\">\n\t\t\t\t\t\t<div class=\"elementor-container elementor-column-gap-default\">\n\t\t\t\t\t<div class=\"elementor-column elementor-col-100 elementor-top-column elementor-element elementor-element-7e4caae\" data-id=\"7e4caae\" data-element_type=\"column\">\n\t\t\t<div class=\"elementor-widget-wrap elementor-element-populated\">\n\t\t\t\t\t\t\t\t<div class=\"elementor-element elementor-element-08610a1 elementor-widget elementor-widget-text-editor\" data-id=\"08610a1\" data-element_type=\"widget\" data-widget_type=\"text-editor.default\">\n\t\t\t\t<div class=\"elementor-widget-container\">\n\t\t\t<style>\/*! elementor - v3.6.5 - 27-04-2022 *\/\n.elementor-widget-text-editor.elementor-drop-cap-view-stacked .elementor-drop-cap{background-color:#818a91;color:#fff}.elementor-widget-text-editor.elementor-drop-cap-view-framed .elementor-drop-cap{color:#818a91;border:3px solid;background-color:transparent}.elementor-widget-text-editor:not(.elementor-drop-cap-view-default) .elementor-drop-cap{margin-top:8px}.elementor-widget-text-editor:not(.elementor-drop-cap-view-default) .elementor-drop-cap-letter{width:1em;height:1em}.elementor-widget-text-editor .elementor-drop-cap{float:left;text-align:center;line-height:1;font-size:50px}.elementor-widget-text-editor .elementor-drop-cap-letter{display:inline-block}<\/style>\t\t\t\t<p>Se seu amor \u00e9 um apaixonado por caf\u00e9 com certeza presente\u00e1-lo com produtos e acess\u00f3rios dessa bebida v\u00e3o fazer com que ele fique muito feliz.<br \/>Aqui est\u00e3o algumas dicas de presentes:<\/p>\t\t\t\t\t\t<\/div>\n\t\t\t\t<\/div>\n\t\t\t\t\t<\/div>\n\t\t<\/div>\n\t\t\t\t\t\t\t<\/div>\n\t\t<\/section>\n\t\t\t\t<section class=\"elementor-section elementor-top-section elementor-element elementor-element-f3bfad3 elementor-section-boxed elementor-section-height-default elementor-section-height-default\" data-id=\"f3bfad3\" data-element_type=\"section\">\n\t\t\t\t\t\t<div class=\"elementor-container elementor-column-gap-default\">\n\t\t\t\t\t<div class=\"elementor-column elementor-col-50 elementor-top-column elementor-element elementor-element-c7937c7\" data-id=\"c7937c7\" data-element_type=\"column\">\n\t\t\t<div class=\"elementor-widget-wrap elementor-element-populated\">\n\t\t\t\t\t\t\t\t<div class=\"elementor-element elementor-element-fbb70f3 elementor-widget elementor-widget-text-editor\" data-id=\"fbb70f3\" data-element_type=\"widget\" data-widget_type=\"text-editor.default\">\n\t\t\t\t<div class=\"elementor-widget-container\">\n\t\t\t\t\t\t\t<p>1- Cafeteira Italiana: Nessa cafeteira o caf\u00e9 \u00e9 feito pelo vapor da \u00e1gua, foge da forma tradicional de fazer sem perder o sabor e aroma.<\/p>\n<p><span style=\"font-family: var( --e-global-typography-text-font-family ), Sans-serif; font-weight: var( --e-global-typography-text-font-weight ); font-size: var(--wp--preset--font-size--medium);\">2-Decanter: \u00c9 uma jarra espec\u00edfica para o caf\u00e9, o decanter torna a apresenta\u00e7\u00e3o do caf\u00e9 mais sofisticada e elegante.&nbsp;<\/span><\/p>\n<p><span style=\"font-family: var( --e-global-typography-text-font-family ), Sans-serif; font-weight: var( --e-global-typography-text-font-weight ); font-size: var(--wp--preset--font-size--medium);\">3-Drip Coffee: \u00c9 o caf\u00e9 de bolso perfeito para quem \u00e9 apaixonado por caf\u00e9, sem perder o sabor e qualidade do caf\u00e9 especial, torna bebida pr\u00e1tica e f\u00e1cil de ser feita em qualquer lugar<a href=\"https:\/\/www.mais1cafe.com.br\/unidades\"> (clique aqui e veja onde comprar)&nbsp;<\/a><\/span><\/p>\n<p><span style=\"font-family: var( --e-global-typography-text-font-family ), Sans-serif; font-weight: var( --e-global-typography-text-font-weight ); font-size: var(--wp--preset--font-size--medium);\">4-Porta filtro: um porta filtro refinado vai tornar o passar caf\u00e9 ainda mais prazeroso, e \u00e9 claro, comprar um filtro para acompanhar deixar\u00e1 seu presente completo.<\/span><\/p>\n<p><span style=\"font-family: var( --e-global-typography-text-font-family ), Sans-serif; font-weight: var( --e-global-typography-text-font-weight ); font-size: var(--wp--preset--font-size--medium);\">5- P\u00f3 de Caf\u00e9 especial: A mais alta categoria de caf\u00e9. Dar um pacote de caf\u00e9 especial ir\u00e1 surpreender e agradar seu amor. Nada melhor do que dar um caf\u00e9 especial para sua pessoa especial.<\/span><\/p>\t\t\t\t\t\t<\/div>\n\t\t\t\t<\/div>\n\t\t\t\t\t<\/div>\n\t\t<\/div>\n\t\t\t\t<div class=\"elementor-column elementor-col-50 elementor-top-column elementor-element elementor-element-85701ae\" data-id=\"85701ae\" data-element_type=\"column\">\n\t\t\t<div class=\"elementor-widget-wrap elementor-element-populated\">\n\t\t\t\t\t\t\t\t<div class=\"elementor-element elementor-element-eb0c672 elementor-widget elementor-widget-image\" data-id=\"eb0c672\" data-element_type=\"widget\" data-widget_type=\"image.default\">\n\t\t\t\t<div class=\"elementor-widget-container\">\n\t\t\t\t\t\t\t\t\t\t\t\t\t\t\t<img width=\"959\" height=\"1024\" src=\"https:\/\/mais1cafe.com.br\/diadosnamorados\/wp-content\/uploads\/2022\/05\/ativo-dica-3@4x-959x1024.png\" class=\"attachment-large size-large\" alt=\"\" loading=\"lazy\" srcset=\"https:\/\/mais1cafe.com.br\/diadosnamorados\/wp-content\/uploads\/2022\/05\/ativo-dica-3@4x-959x1024.png 959w, https:\/\/mais1cafe.com.br\/diadosnamorados\/wp-content\/uploads\/2022\/05\/ativo-dica-3@4x-281x300.png 281w, https:\/\/mais1cafe.com.br\/diadosnamorados\/wp-content\/uploads\/2022\/05\/ativo-dica-3@4x-768x820.png 768w, https:\/\/mais1cafe.com.br\/diadosnamorados\/wp-content\/uploads\/2022\/05\/ativo-dica-3@4x-1439x1536.png 1439w, https:\/\/mais1cafe.com.br\/diadosnamorados\/wp-content\/uploads\/2022\/05\/ativo-dica-3@4x-1919x2048.png 1919w\" sizes=\"(max-width: 959px) 100vw, 959px\" \/>\t\t\t\t\t\t\t\t\t\t\t\t\t\t\t<\/div>\n\t\t\t\t<\/div>\n\t\t\t\t\t<\/div>\n\t\t<\/div>\n\t\t\t\t\t\t\t<\/div>\n\t\t<\/section>\n\t\t\t\t<section class=\"elementor-section elementor-top-section elementor-element elementor-element-8b86506 elementor-section-boxed elementor-section-height-default elementor-section-height-default\" data-id=\"8b86506\" data-element_type=\"section\" data-settings=\"{&quot;background_background&quot;:&quot;classic&quot;}\">\n\t\t\t\t\t\t<div class=\"elementor-container elementor-column-gap-default\">\n\t\t\t\t\t<div class=\"elementor-column elementor-col-100 elementor-top-column elementor-element elementor-element-c6c1384\" data-id=\"c6c1384\" data-element_type=\"column\">\n\t\t\t<div class=\"elementor-widget-wrap elementor-element-populated\">\n\t\t\t\t\t\t\t\t<div class=\"elementor-element elementor-element-8cc8059 elementor-widget elementor-widget-image\" data-id=\"8cc8059\" data-element_type=\"widget\" data-widget_type=\"image.default\">\n\t\t\t\t<div class=\"elementor-widget-container\">\n\t\t\t\t\t\t\t\t\t\t\t\t\t\t\t\t<a href=\"https:\/\/www.mais1cafe.com.br\/mais1.cafe\">\n\t\t\t\t\t\t\t<img width=\"1024\" height=\"170\" src=\"https:\/\/mais1cafe.com.br\/diadosnamorados\/wp-content\/uploads\/2022\/05\/instagram@4x-1024x170.png\" class=\"attachment-large size-large\" alt=\"\" loading=\"lazy\" srcset=\"https:\/\/mais1cafe.com.br\/diadosnamorados\/wp-content\/uploads\/2022\/05\/instagram@4x-1024x170.png 1024w, https:\/\/mais1cafe.com.br\/diadosnamorados\/wp-content\/uploads\/2022\/05\/instagram@4x-300x50.png 300w, https:\/\/mais1cafe.com.br\/diadosnamorados\/wp-content\/uploads\/2022\/05\/instagram@4x-768x128.png 768w, https:\/\/mais1cafe.com.br\/diadosnamorados\/wp-content\/uploads\/2022\/05\/instagram@4x-1536x255.png 1536w, https:\/\/mais1cafe.com.br\/diadosnamorados\/wp-content\/uploads\/2022\/05\/instagram@4x-2048x341.png 2048w\" sizes=\"(max-width: 1024px) 100vw, 1024px\" \/>\t\t\t\t\t\t\t\t<\/a>\n\t\t\t\t\t\t\t\t\t\t\t\t\t\t\t<\/div>\n\t\t\t\t<\/div>\n\t\t\t\t\t<\/div>\n\t\t<\/div>\n\t\t\t\t\t\t\t<\/div>\n\t\t<\/section>\n\t\t\t\t\t\t\t<\/div>\n\t\t","protected":false},"excerpt":{"rendered":"<p>Presente de dia dos namorados apaixonados por caf\u00e9 Se seu amor \u00e9 um apaixonado por caf\u00e9 com certeza presente\u00e1-lo com produtos e acess\u00f3rios dessa bebida v\u00e3o fazer com que ele fique muito feliz. Aqui est\u00e3o algumas dicas de presentes: 1- Cafeteira Italiana: Nessa cafeteira o caf\u00e9 \u00e9 feito pelo vapor da \u00e1gua, foge da forma [&hellip;]<\/p>\n","protected":false},"author":1,"featured_media":0,"parent":0,"menu_order":0,"comment_status":"closed","ping_status":"closed","template":"elementor_canvas","meta":{"om_disable_all_campaigns":false,"_mi_skip_tracking":false},"_links":{"self":[{"href":"https:\/\/mais1cafe.com.br\/diadosnamorados\/index.php\/wp-json\/wp\/v2\/pages\/51"}],"collection":[{"href":"https:\/\/mais1cafe.com.br\/diadosnamorados\/index.php\/wp-json\/wp\/v2\/pages"}],"about":[{"href":"https:\/\/mais1cafe.com.br\/diadosnamorados\/index.php\/wp-json\/wp\/v2\/types\/page"}],"author":[{"embeddable":true,"href":"https:\/\/mais1cafe.com.br\/diadosnamorados\/index.php\/wp-json\/wp\/v2\/users\/1"}],"replies":[{"embeddable":true,"href":"https:\/\/mais1cafe.com.br\/diadosnamorados\/index.php\/wp-json\/wp\/v2\/comments?post=51"}],"version-history":[{"count":14,"href":"https:\/\/mais1cafe.com.br\/diadosnamorados\/index.php\/wp-json\/wp\/v2\/pages\/51\/revisions"}],"predecessor-version":[{"id":152,"href":"https:\/\/mais1cafe.com.br\/diadosnamorados\/index.php\/wp-json\/wp\/v2\/pages\/51\/revisions\/152"}],"wp:attachment":[{"href":"https:\/\/mais1cafe.com.br\/diadosnamorados\/index.php\/wp-json\/wp\/v2\/media?parent=51"}],"curies":[{"name":"wp","href":"https:\/\/api.w.org\/{rel}","templated":true}]}}