{"id":41,"date":"2022-05-13T18:09:42","date_gmt":"2022-05-13T21:09:42","guid":{"rendered":"https:\/\/mais1cafe.com.br\/diadosnamorados\/?page_id=41"},"modified":"2022-05-18T17:28:29","modified_gmt":"2022-05-18T20:28:29","slug":"3-lugares-para-aproveitar-o-dia-dos-namorados","status":"publish","type":"page","link":"https:\/\/mais1cafe.com.br\/diadosnamorados\/index.php\/3-lugares-para-aproveitar-o-dia-dos-namorados\/","title":{"rendered":"3 lugares para aproveitar o dia dos namorados"},"content":{"rendered":"\t\t<div data-elementor-type=\"wp-page\" data-elementor-id=\"41\" class=\"elementor elementor-41\">\n\t\t\t\t\t\t\t\t\t<section class=\"elementor-section elementor-top-section elementor-element elementor-element-aaa17b8 elementor-section-boxed elementor-section-height-default elementor-section-height-default\" data-id=\"aaa17b8\" data-element_type=\"section\" data-settings=\"{&quot;background_background&quot;:&quot;slideshow&quot;,&quot;background_slideshow_gallery&quot;:[{&quot;id&quot;:91,&quot;url&quot;:&quot;https:\\\/\\\/mais1cafe.com.br\\\/diadosnamorados\\\/wp-content\\\/uploads\\\/2022\\\/05\\\/materia-1-scaled.webp&quot;}],&quot;background_slideshow_loop&quot;:&quot;yes&quot;,&quot;background_slideshow_slide_duration&quot;:5000,&quot;background_slideshow_slide_transition&quot;:&quot;fade&quot;,&quot;background_slideshow_transition_duration&quot;:500}\">\n\t\t\t\t\t\t<div class=\"elementor-container elementor-column-gap-default\">\n\t\t\t\t\t<div class=\"elementor-column elementor-col-100 elementor-top-column elementor-element elementor-element-de5eea8\" data-id=\"de5eea8\" data-element_type=\"column\">\n\t\t\t<div class=\"elementor-widget-wrap elementor-element-populated\">\n\t\t\t\t\t\t\t\t<div class=\"elementor-element elementor-element-78f81a3 elementor-widget elementor-widget-spacer\" data-id=\"78f81a3\" data-element_type=\"widget\" data-widget_type=\"spacer.default\">\n\t\t\t\t<div class=\"elementor-widget-container\">\n\t\t\t<style>\/*! elementor - v3.6.5 - 27-04-2022 *\/\n.e-container.e-container--row .elementor-spacer-inner{width:var(--spacer-size)}.e-container.e-container--column .elementor-spacer-inner,.elementor-column .elementor-spacer-inner{height:var(--spacer-size)}<\/style>\t\t<div class=\"elementor-spacer\">\n\t\t\t<div class=\"elementor-spacer-inner\"><\/div>\n\t\t<\/div>\n\t\t\t\t<\/div>\n\t\t\t\t<\/div>\n\t\t\t\t\t<\/div>\n\t\t<\/div>\n\t\t\t\t\t\t\t<\/div>\n\t\t<\/section>\n\t\t\t\t<section class=\"elementor-section elementor-top-section elementor-element elementor-element-a33ee27 elementor-section-boxed elementor-section-height-default elementor-section-height-default\" data-id=\"a33ee27\" data-element_type=\"section\">\n\t\t\t\t\t\t<div class=\"elementor-container elementor-column-gap-default\">\n\t\t\t\t\t<div class=\"elementor-column elementor-col-33 elementor-top-column elementor-element elementor-element-f1df832\" data-id=\"f1df832\" data-element_type=\"column\">\n\t\t\t<div class=\"elementor-widget-wrap elementor-element-populated\">\n\t\t\t\t\t\t\t\t<div class=\"elementor-element elementor-element-74fbc13 elementor-widget elementor-widget-image\" data-id=\"74fbc13\" data-element_type=\"widget\" data-widget_type=\"image.default\">\n\t\t\t\t<div class=\"elementor-widget-container\">\n\t\t\t<style>\/*! elementor - v3.6.5 - 27-04-2022 *\/\n.elementor-widget-image{text-align:center}.elementor-widget-image a{display:inline-block}.elementor-widget-image a img[src$=\".svg\"]{width:48px}.elementor-widget-image img{vertical-align:middle;display:inline-block}<\/style>\t\t\t\t\t\t\t\t\t\t\t\t\t<a href=\"https:\/\/www.mais1cafe.com.br\/diadosnamorados\">\n\t\t\t\t\t\t\t<img width=\"768\" height=\"1112\" src=\"https:\/\/mais1cafe.com.br\/diadosnamorados\/wp-content\/uploads\/2022\/05\/logo@4x-768x1112.png\" class=\"attachment-medium_large size-medium_large\" alt=\"\" loading=\"lazy\" srcset=\"https:\/\/mais1cafe.com.br\/diadosnamorados\/wp-content\/uploads\/2022\/05\/logo@4x-768x1112.png 768w, https:\/\/mais1cafe.com.br\/diadosnamorados\/wp-content\/uploads\/2022\/05\/logo@4x-207x300.png 207w, https:\/\/mais1cafe.com.br\/diadosnamorados\/wp-content\/uploads\/2022\/05\/logo@4x-707x1024.png 707w, https:\/\/mais1cafe.com.br\/diadosnamorados\/wp-content\/uploads\/2022\/05\/logo@4x-1061x1536.png 1061w, https:\/\/mais1cafe.com.br\/diadosnamorados\/wp-content\/uploads\/2022\/05\/logo@4x.png 1206w\" sizes=\"(max-width: 768px) 100vw, 768px\" \/>\t\t\t\t\t\t\t\t<\/a>\n\t\t\t\t\t\t\t\t\t\t\t\t\t\t\t<\/div>\n\t\t\t\t<\/div>\n\t\t\t\t\t<\/div>\n\t\t<\/div>\n\t\t\t\t<div class=\"elementor-column elementor-col-66 elementor-top-column elementor-element elementor-element-e9db3d7\" data-id=\"e9db3d7\" data-element_type=\"column\">\n\t\t\t<div class=\"elementor-widget-wrap\">\n\t\t\t\t\t\t\t\t\t<\/div>\n\t\t<\/div>\n\t\t\t\t\t\t\t<\/div>\n\t\t<\/section>\n\t\t\t\t<section class=\"elementor-section elementor-top-section elementor-element elementor-element-c90c5ef elementor-section-boxed elementor-section-height-default elementor-section-height-default\" data-id=\"c90c5ef\" data-element_type=\"section\">\n\t\t\t\t\t\t<div class=\"elementor-container elementor-column-gap-default\">\n\t\t\t\t\t<div class=\"elementor-column elementor-col-100 elementor-top-column elementor-element elementor-element-886595a\" data-id=\"886595a\" data-element_type=\"column\">\n\t\t\t<div class=\"elementor-widget-wrap elementor-element-populated\">\n\t\t\t\t\t\t\t\t<div class=\"elementor-element elementor-element-75140f2 elementor-widget elementor-widget-spacer\" data-id=\"75140f2\" data-element_type=\"widget\" data-widget_type=\"spacer.default\">\n\t\t\t\t<div class=\"elementor-widget-container\">\n\t\t\t\t\t<div class=\"elementor-spacer\">\n\t\t\t<div class=\"elementor-spacer-inner\"><\/div>\n\t\t<\/div>\n\t\t\t\t<\/div>\n\t\t\t\t<\/div>\n\t\t\t\t\t<\/div>\n\t\t<\/div>\n\t\t\t\t\t\t\t<\/div>\n\t\t<\/section>\n\t\t\t\t<section class=\"elementor-section elementor-top-section elementor-element elementor-element-71c39ff elementor-section-boxed elementor-section-height-default elementor-section-height-default\" data-id=\"71c39ff\" data-element_type=\"section\">\n\t\t\t\t\t\t<div class=\"elementor-container elementor-column-gap-default\">\n\t\t\t\t\t<div class=\"elementor-column elementor-col-100 elementor-top-column elementor-element elementor-element-0940d21\" data-id=\"0940d21\" data-element_type=\"column\">\n\t\t\t<div class=\"elementor-widget-wrap elementor-element-populated\">\n\t\t\t\t\t\t\t\t<div class=\"elementor-element elementor-element-d8ef913 elementor-widget elementor-widget-heading\" data-id=\"d8ef913\" data-element_type=\"widget\" data-widget_type=\"heading.default\">\n\t\t\t\t<div class=\"elementor-widget-container\">\n\t\t\t<style>\/*! elementor - v3.6.5 - 27-04-2022 *\/\n.elementor-heading-title{padding:0;margin:0;line-height:1}.elementor-widget-heading .elementor-heading-title[class*=elementor-size-]>a{color:inherit;font-size:inherit;line-height:inherit}.elementor-widget-heading .elementor-heading-title.elementor-size-small{font-size:15px}.elementor-widget-heading .elementor-heading-title.elementor-size-medium{font-size:19px}.elementor-widget-heading .elementor-heading-title.elementor-size-large{font-size:29px}.elementor-widget-heading .elementor-heading-title.elementor-size-xl{font-size:39px}.elementor-widget-heading .elementor-heading-title.elementor-size-xxl{font-size:59px}<\/style><h2 class=\"elementor-heading-title elementor-size-default\">3  lugares para aproveitar<br>o dia dos namorados<\/h2>\t\t<\/div>\n\t\t\t\t<\/div>\n\t\t\t\t\t<\/div>\n\t\t<\/div>\n\t\t\t\t\t\t\t<\/div>\n\t\t<\/section>\n\t\t\t\t<section class=\"elementor-section elementor-top-section elementor-element elementor-element-f446580 elementor-section-boxed elementor-section-height-default elementor-section-height-default\" data-id=\"f446580\" data-element_type=\"section\">\n\t\t\t\t\t\t<div class=\"elementor-container elementor-column-gap-default\">\n\t\t\t\t\t<div class=\"elementor-column elementor-col-100 elementor-top-column elementor-element elementor-element-d98819e\" data-id=\"d98819e\" data-element_type=\"column\">\n\t\t\t<div class=\"elementor-widget-wrap elementor-element-populated\">\n\t\t\t\t\t\t\t\t<div class=\"elementor-element elementor-element-1d48a3f elementor-widget elementor-widget-text-editor\" data-id=\"1d48a3f\" data-element_type=\"widget\" data-widget_type=\"text-editor.default\">\n\t\t\t\t<div class=\"elementor-widget-container\">\n\t\t\t<style>\/*! elementor - v3.6.5 - 27-04-2022 *\/\n.elementor-widget-text-editor.elementor-drop-cap-view-stacked .elementor-drop-cap{background-color:#818a91;color:#fff}.elementor-widget-text-editor.elementor-drop-cap-view-framed .elementor-drop-cap{color:#818a91;border:3px solid;background-color:transparent}.elementor-widget-text-editor:not(.elementor-drop-cap-view-default) .elementor-drop-cap{margin-top:8px}.elementor-widget-text-editor:not(.elementor-drop-cap-view-default) .elementor-drop-cap-letter{width:1em;height:1em}.elementor-widget-text-editor .elementor-drop-cap{float:left;text-align:center;line-height:1;font-size:50px}.elementor-widget-text-editor .elementor-drop-cap-letter{display:inline-block}<\/style>\t\t\t\t<p>Dia dos namorados chegando e voc\u00ea n\u00e3o faz ideia do que fazer? Vem comigo pras melhores dicas!<\/p><p>1- Cinema: O dia perfeito pra levar seu amor e assistir um filme diferente, com muita pipoca, romantismo e um momento s\u00f3 de voc\u00eas! A dica \u00e9 pensar no outro, na hora de escolher o filme pense o que ele(a) gostaria muito de assistir. E se voc\u00ea quiser deixar a sess\u00e3o ainda mais particular, um cinema caseiro \u00e9 uma \u00f3tima pedida.<\/p><p>2- Parque:\u00a0 Um dia rom\u00e2ntico no parque, com um piquenique cheio de del\u00edcias e o melhor donuts que voc\u00ea pode escolher <a href=\"https:\/\/www.mais1cafe.com.br\/unidades\">(clique aqui e descubra a Mais1 perto de voc\u00ea)<\/a>, vai tornar o dia dos namorados super especial e inesquec\u00edvel.<\/p>\t\t\t\t\t\t<\/div>\n\t\t\t\t<\/div>\n\t\t\t\t\t<\/div>\n\t\t<\/div>\n\t\t\t\t\t\t\t<\/div>\n\t\t<\/section>\n\t\t\t\t<section class=\"elementor-section elementor-top-section elementor-element elementor-element-6caa7e6 elementor-section-boxed elementor-section-height-default elementor-section-height-default\" data-id=\"6caa7e6\" data-element_type=\"section\">\n\t\t\t\t\t\t<div class=\"elementor-container elementor-column-gap-default\">\n\t\t\t\t\t<div class=\"elementor-column elementor-col-50 elementor-top-column elementor-element elementor-element-dde7837\" data-id=\"dde7837\" data-element_type=\"column\">\n\t\t\t<div class=\"elementor-widget-wrap elementor-element-populated\">\n\t\t\t\t\t\t\t\t<div class=\"elementor-element elementor-element-3efd614 elementor-widget elementor-widget-image\" data-id=\"3efd614\" data-element_type=\"widget\" data-widget_type=\"image.default\">\n\t\t\t\t<div class=\"elementor-widget-container\">\n\t\t\t\t\t\t\t\t\t\t\t\t\t\t\t<img width=\"1024\" height=\"686\" src=\"https:\/\/mais1cafe.com.br\/diadosnamorados\/wp-content\/uploads\/2022\/05\/Ativo-6@4x-1024x686.png\" class=\"attachment-large size-large\" alt=\"\" loading=\"lazy\" srcset=\"https:\/\/mais1cafe.com.br\/diadosnamorados\/wp-content\/uploads\/2022\/05\/Ativo-6@4x-1024x686.png 1024w, https:\/\/mais1cafe.com.br\/diadosnamorados\/wp-content\/uploads\/2022\/05\/Ativo-6@4x-300x201.png 300w, https:\/\/mais1cafe.com.br\/diadosnamorados\/wp-content\/uploads\/2022\/05\/Ativo-6@4x-768x514.png 768w, https:\/\/mais1cafe.com.br\/diadosnamorados\/wp-content\/uploads\/2022\/05\/Ativo-6@4x-1536x1029.png 1536w, https:\/\/mais1cafe.com.br\/diadosnamorados\/wp-content\/uploads\/2022\/05\/Ativo-6@4x-2048x1372.png 2048w\" sizes=\"(max-width: 1024px) 100vw, 1024px\" \/>\t\t\t\t\t\t\t\t\t\t\t\t\t\t\t<\/div>\n\t\t\t\t<\/div>\n\t\t\t\t\t<\/div>\n\t\t<\/div>\n\t\t\t\t<div class=\"elementor-column elementor-col-50 elementor-top-column elementor-element elementor-element-9ff8e25\" data-id=\"9ff8e25\" data-element_type=\"column\">\n\t\t\t<div class=\"elementor-widget-wrap elementor-element-populated\">\n\t\t\t\t\t\t\t\t<div class=\"elementor-element elementor-element-88a3527 elementor-widget elementor-widget-text-editor\" data-id=\"88a3527\" data-element_type=\"widget\" data-widget_type=\"text-editor.default\">\n\t\t\t\t<div class=\"elementor-widget-container\">\n\t\t\t\t\t\t\t<p>3- Passeio: J\u00e1 imaginou surpreender seu amado com um passeio que ele sempre quis fazer? Uma aventura de bal\u00e3o, pular de paraquedas, fazer um passeio a cavalo. S\u00e3o v\u00e1rias op\u00e7\u00f5es e com certeza ir\u00e1 surpreender seu amor.<\/p><p>N\u00e3o importa onde estiver, curtir esse dia e aproveitar todos os momentos na companhia um do outro \u00e9 o mais importante.<\/p>\t\t\t\t\t\t<\/div>\n\t\t\t\t<\/div>\n\t\t\t\t\t<\/div>\n\t\t<\/div>\n\t\t\t\t\t\t\t<\/div>\n\t\t<\/section>\n\t\t\t\t<section class=\"elementor-section elementor-top-section elementor-element elementor-element-4c9d050 elementor-section-boxed elementor-section-height-default elementor-section-height-default\" data-id=\"4c9d050\" data-element_type=\"section\" data-settings=\"{&quot;background_background&quot;:&quot;classic&quot;}\">\n\t\t\t\t\t\t<div class=\"elementor-container elementor-column-gap-default\">\n\t\t\t\t\t<div class=\"elementor-column elementor-col-100 elementor-top-column elementor-element elementor-element-f134280\" data-id=\"f134280\" data-element_type=\"column\">\n\t\t\t<div class=\"elementor-widget-wrap elementor-element-populated\">\n\t\t\t\t\t\t\t\t<div class=\"elementor-element elementor-element-698e19a elementor-widget elementor-widget-image\" data-id=\"698e19a\" data-element_type=\"widget\" data-widget_type=\"image.default\">\n\t\t\t\t<div class=\"elementor-widget-container\">\n\t\t\t\t\t\t\t\t\t\t\t\t\t\t\t\t<a href=\"https:\/\/www.instagram.com.br\/mais1.cafe\">\n\t\t\t\t\t\t\t<img width=\"1024\" height=\"170\" src=\"https:\/\/mais1cafe.com.br\/diadosnamorados\/wp-content\/uploads\/2022\/05\/instagram@4x-1024x170.png\" class=\"attachment-large size-large\" alt=\"\" loading=\"lazy\" srcset=\"https:\/\/mais1cafe.com.br\/diadosnamorados\/wp-content\/uploads\/2022\/05\/instagram@4x-1024x170.png 1024w, https:\/\/mais1cafe.com.br\/diadosnamorados\/wp-content\/uploads\/2022\/05\/instagram@4x-300x50.png 300w, https:\/\/mais1cafe.com.br\/diadosnamorados\/wp-content\/uploads\/2022\/05\/instagram@4x-768x128.png 768w, https:\/\/mais1cafe.com.br\/diadosnamorados\/wp-content\/uploads\/2022\/05\/instagram@4x-1536x255.png 1536w, https:\/\/mais1cafe.com.br\/diadosnamorados\/wp-content\/uploads\/2022\/05\/instagram@4x-2048x341.png 2048w\" sizes=\"(max-width: 1024px) 100vw, 1024px\" \/>\t\t\t\t\t\t\t\t<\/a>\n\t\t\t\t\t\t\t\t\t\t\t\t\t\t\t<\/div>\n\t\t\t\t<\/div>\n\t\t\t\t\t<\/div>\n\t\t<\/div>\n\t\t\t\t\t\t\t<\/div>\n\t\t<\/section>\n\t\t\t\t\t\t\t<\/div>\n\t\t","protected":false},"excerpt":{"rendered":"<p>3 lugares para aproveitar o dia dos namorados Dia dos namorados chegando e voc\u00ea n\u00e3o faz ideia do que fazer? Vem comigo pras melhores dicas! 1- Cinema: O dia perfeito pra levar seu amor e assistir um filme diferente, com muita pipoca, romantismo e um momento s\u00f3 de voc\u00eas! A dica \u00e9 pensar no outro, [&hellip;]<\/p>\n","protected":false},"author":1,"featured_media":0,"parent":0,"menu_order":0,"comment_status":"closed","ping_status":"closed","template":"elementor_canvas","meta":{"om_disable_all_campaigns":false,"_mi_skip_tracking":false},"_links":{"self":[{"href":"https:\/\/mais1cafe.com.br\/diadosnamorados\/index.php\/wp-json\/wp\/v2\/pages\/41"}],"collection":[{"href":"https:\/\/mais1cafe.com.br\/diadosnamorados\/index.php\/wp-json\/wp\/v2\/pages"}],"about":[{"href":"https:\/\/mais1cafe.com.br\/diadosnamorados\/index.php\/wp-json\/wp\/v2\/types\/page"}],"author":[{"embeddable":true,"href":"https:\/\/mais1cafe.com.br\/diadosnamorados\/index.php\/wp-json\/wp\/v2\/users\/1"}],"replies":[{"embeddable":true,"href":"https:\/\/mais1cafe.com.br\/diadosnamorados\/index.php\/wp-json\/wp\/v2\/comments?post=41"}],"version-history":[{"count":27,"href":"https:\/\/mais1cafe.com.br\/diadosnamorados\/index.php\/wp-json\/wp\/v2\/pages\/41\/revisions"}],"predecessor-version":[{"id":148,"href":"https:\/\/mais1cafe.com.br\/diadosnamorados\/index.php\/wp-json\/wp\/v2\/pages\/41\/revisions\/148"}],"wp:attachment":[{"href":"https:\/\/mais1cafe.com.br\/diadosnamorados\/index.php\/wp-json\/wp\/v2\/media?parent=41"}],"curies":[{"name":"wp","href":"https:\/\/api.w.org\/{rel}","templated":true}]}}