{"id":31,"date":"2022-05-13T17:46:27","date_gmt":"2022-05-13T20:46:27","guid":{"rendered":"https:\/\/mais1cafe.com.br\/diadosnamorados\/?page_id=31"},"modified":"2022-05-18T17:21:13","modified_gmt":"2022-05-18T20:21:13","slug":"dicas-para-curtir-odia-dos-namorados","status":"publish","type":"page","link":"https:\/\/mais1cafe.com.br\/diadosnamorados\/index.php\/dicas-para-curtir-odia-dos-namorados\/","title":{"rendered":"Dicas para curtir o dia dos namorados"},"content":{"rendered":"\t\t<div data-elementor-type=\"wp-page\" data-elementor-id=\"31\" class=\"elementor elementor-31\">\n\t\t\t\t\t\t\t\t\t<section class=\"elementor-section elementor-top-section elementor-element elementor-element-03c3e07 elementor-section-boxed elementor-section-height-default elementor-section-height-default\" data-id=\"03c3e07\" data-element_type=\"section\" data-settings=\"{&quot;background_background&quot;:&quot;slideshow&quot;,&quot;background_slideshow_gallery&quot;:[{&quot;id&quot;:87,&quot;url&quot;:&quot;https:\\\/\\\/mais1cafe.com.br\\\/diadosnamorados\\\/wp-content\\\/uploads\\\/2022\\\/05\\\/materia-2-scaled.webp&quot;}],&quot;background_slideshow_loop&quot;:&quot;yes&quot;,&quot;background_slideshow_slide_duration&quot;:5000,&quot;background_slideshow_slide_transition&quot;:&quot;fade&quot;,&quot;background_slideshow_transition_duration&quot;:500}\">\n\t\t\t\t\t\t<div class=\"elementor-container elementor-column-gap-default\">\n\t\t\t\t\t<div class=\"elementor-column elementor-col-100 elementor-top-column elementor-element elementor-element-bb97083\" data-id=\"bb97083\" data-element_type=\"column\">\n\t\t\t<div class=\"elementor-widget-wrap elementor-element-populated\">\n\t\t\t\t\t\t\t\t<div class=\"elementor-element elementor-element-f4dbc0a elementor-widget elementor-widget-spacer\" data-id=\"f4dbc0a\" data-element_type=\"widget\" data-widget_type=\"spacer.default\">\n\t\t\t\t<div class=\"elementor-widget-container\">\n\t\t\t<style>\/*! elementor - v3.6.5 - 27-04-2022 *\/\n.e-container.e-container--row .elementor-spacer-inner{width:var(--spacer-size)}.e-container.e-container--column .elementor-spacer-inner,.elementor-column .elementor-spacer-inner{height:var(--spacer-size)}<\/style>\t\t<div class=\"elementor-spacer\">\n\t\t\t<div class=\"elementor-spacer-inner\"><\/div>\n\t\t<\/div>\n\t\t\t\t<\/div>\n\t\t\t\t<\/div>\n\t\t\t\t\t<\/div>\n\t\t<\/div>\n\t\t\t\t\t\t\t<\/div>\n\t\t<\/section>\n\t\t\t\t<section class=\"elementor-section elementor-top-section elementor-element elementor-element-503f350 elementor-section-boxed elementor-section-height-default elementor-section-height-default\" data-id=\"503f350\" data-element_type=\"section\">\n\t\t\t\t\t\t<div class=\"elementor-container elementor-column-gap-default\">\n\t\t\t\t\t<div class=\"elementor-column elementor-col-33 elementor-top-column elementor-element elementor-element-db2da41\" data-id=\"db2da41\" data-element_type=\"column\">\n\t\t\t<div class=\"elementor-widget-wrap elementor-element-populated\">\n\t\t\t\t\t\t\t\t<div class=\"elementor-element elementor-element-33e5a13 elementor-widget elementor-widget-image\" data-id=\"33e5a13\" data-element_type=\"widget\" data-widget_type=\"image.default\">\n\t\t\t\t<div class=\"elementor-widget-container\">\n\t\t\t<style>\/*! elementor - v3.6.5 - 27-04-2022 *\/\n.elementor-widget-image{text-align:center}.elementor-widget-image a{display:inline-block}.elementor-widget-image a img[src$=\".svg\"]{width:48px}.elementor-widget-image img{vertical-align:middle;display:inline-block}<\/style>\t\t\t\t\t\t\t\t\t\t\t\t\t<a href=\"https:\/\/www.mais1cafe.com.br\/diadosnamorados\">\n\t\t\t\t\t\t\t<img width=\"207\" height=\"300\" src=\"https:\/\/mais1cafe.com.br\/diadosnamorados\/wp-content\/uploads\/2022\/05\/logo@4x-207x300.png\" class=\"attachment-medium size-medium\" alt=\"\" loading=\"lazy\" srcset=\"https:\/\/mais1cafe.com.br\/diadosnamorados\/wp-content\/uploads\/2022\/05\/logo@4x-207x300.png 207w, https:\/\/mais1cafe.com.br\/diadosnamorados\/wp-content\/uploads\/2022\/05\/logo@4x-707x1024.png 707w, https:\/\/mais1cafe.com.br\/diadosnamorados\/wp-content\/uploads\/2022\/05\/logo@4x-768x1112.png 768w, https:\/\/mais1cafe.com.br\/diadosnamorados\/wp-content\/uploads\/2022\/05\/logo@4x-1061x1536.png 1061w, https:\/\/mais1cafe.com.br\/diadosnamorados\/wp-content\/uploads\/2022\/05\/logo@4x.png 1206w\" sizes=\"(max-width: 207px) 100vw, 207px\" \/>\t\t\t\t\t\t\t\t<\/a>\n\t\t\t\t\t\t\t\t\t\t\t\t\t\t\t<\/div>\n\t\t\t\t<\/div>\n\t\t\t\t\t<\/div>\n\t\t<\/div>\n\t\t\t\t<div class=\"elementor-column elementor-col-66 elementor-top-column elementor-element elementor-element-cabe4a8\" data-id=\"cabe4a8\" data-element_type=\"column\">\n\t\t\t<div class=\"elementor-widget-wrap\">\n\t\t\t\t\t\t\t\t\t<\/div>\n\t\t<\/div>\n\t\t\t\t\t\t\t<\/div>\n\t\t<\/section>\n\t\t\t\t<section class=\"elementor-section elementor-top-section elementor-element elementor-element-afe7a6b elementor-section-boxed elementor-section-height-default elementor-section-height-default\" data-id=\"afe7a6b\" data-element_type=\"section\">\n\t\t\t\t\t\t<div class=\"elementor-container elementor-column-gap-default\">\n\t\t\t\t\t<div class=\"elementor-column elementor-col-100 elementor-top-column elementor-element elementor-element-5e7c58a\" data-id=\"5e7c58a\" data-element_type=\"column\">\n\t\t\t<div class=\"elementor-widget-wrap elementor-element-populated\">\n\t\t\t\t\t\t\t\t<div class=\"elementor-element elementor-element-5fa9c71 elementor-widget elementor-widget-spacer\" data-id=\"5fa9c71\" data-element_type=\"widget\" data-widget_type=\"spacer.default\">\n\t\t\t\t<div class=\"elementor-widget-container\">\n\t\t\t\t\t<div class=\"elementor-spacer\">\n\t\t\t<div class=\"elementor-spacer-inner\"><\/div>\n\t\t<\/div>\n\t\t\t\t<\/div>\n\t\t\t\t<\/div>\n\t\t\t\t\t<\/div>\n\t\t<\/div>\n\t\t\t\t\t\t\t<\/div>\n\t\t<\/section>\n\t\t\t\t<section class=\"elementor-section elementor-top-section elementor-element elementor-element-4552c6f elementor-section-boxed elementor-section-height-default elementor-section-height-default\" data-id=\"4552c6f\" data-element_type=\"section\">\n\t\t\t\t\t\t<div class=\"elementor-container elementor-column-gap-default\">\n\t\t\t\t\t<div class=\"elementor-column elementor-col-100 elementor-top-column elementor-element elementor-element-28fd666\" data-id=\"28fd666\" data-element_type=\"column\">\n\t\t\t<div class=\"elementor-widget-wrap elementor-element-populated\">\n\t\t\t\t\t\t\t\t<div class=\"elementor-element elementor-element-d59d588 elementor-widget elementor-widget-heading\" data-id=\"d59d588\" data-element_type=\"widget\" data-widget_type=\"heading.default\">\n\t\t\t\t<div class=\"elementor-widget-container\">\n\t\t\t<style>\/*! elementor - v3.6.5 - 27-04-2022 *\/\n.elementor-heading-title{padding:0;margin:0;line-height:1}.elementor-widget-heading .elementor-heading-title[class*=elementor-size-]>a{color:inherit;font-size:inherit;line-height:inherit}.elementor-widget-heading .elementor-heading-title.elementor-size-small{font-size:15px}.elementor-widget-heading .elementor-heading-title.elementor-size-medium{font-size:19px}.elementor-widget-heading .elementor-heading-title.elementor-size-large{font-size:29px}.elementor-widget-heading .elementor-heading-title.elementor-size-xl{font-size:39px}.elementor-widget-heading .elementor-heading-title.elementor-size-xxl{font-size:59px}<\/style><h2 class=\"elementor-heading-title elementor-size-default\">Dicas para curtir o<br>dia dos namorados<\/h2>\t\t<\/div>\n\t\t\t\t<\/div>\n\t\t\t\t\t<\/div>\n\t\t<\/div>\n\t\t\t\t\t\t\t<\/div>\n\t\t<\/section>\n\t\t\t\t<section class=\"elementor-section elementor-top-section elementor-element elementor-element-ef1e388 elementor-section-boxed elementor-section-height-default elementor-section-height-default\" data-id=\"ef1e388\" data-element_type=\"section\">\n\t\t\t\t\t\t<div class=\"elementor-container elementor-column-gap-default\">\n\t\t\t\t\t<div class=\"elementor-column elementor-col-100 elementor-top-column elementor-element elementor-element-f177d39\" data-id=\"f177d39\" data-element_type=\"column\">\n\t\t\t<div class=\"elementor-widget-wrap elementor-element-populated\">\n\t\t\t\t\t\t\t\t<div class=\"elementor-element elementor-element-5b53005 elementor-widget elementor-widget-text-editor\" data-id=\"5b53005\" data-element_type=\"widget\" data-widget_type=\"text-editor.default\">\n\t\t\t\t<div class=\"elementor-widget-container\">\n\t\t\t<style>\/*! elementor - v3.6.5 - 27-04-2022 *\/\n.elementor-widget-text-editor.elementor-drop-cap-view-stacked .elementor-drop-cap{background-color:#818a91;color:#fff}.elementor-widget-text-editor.elementor-drop-cap-view-framed .elementor-drop-cap{color:#818a91;border:3px solid;background-color:transparent}.elementor-widget-text-editor:not(.elementor-drop-cap-view-default) .elementor-drop-cap{margin-top:8px}.elementor-widget-text-editor:not(.elementor-drop-cap-view-default) .elementor-drop-cap-letter{width:1em;height:1em}.elementor-widget-text-editor .elementor-drop-cap{float:left;text-align:center;line-height:1;font-size:50px}.elementor-widget-text-editor .elementor-drop-cap-letter{display:inline-block}<\/style>\t\t\t\t<p>O romance est\u00e1 no ar, o dia dos namorados est\u00e1 chegando e todo mundo sabe que essa data n\u00e3o pode passar em branco para os casais &lt;3 Seja pro crush, namorados ou casados, fazer uma coisa especial pro seu amor torna esse dia incr\u00edvel!<\/p>\t\t\t\t\t\t<\/div>\n\t\t\t\t<\/div>\n\t\t\t\t\t<\/div>\n\t\t<\/div>\n\t\t\t\t\t\t\t<\/div>\n\t\t<\/section>\n\t\t\t\t<section class=\"elementor-section elementor-top-section elementor-element elementor-element-0ab3dc5 elementor-section-boxed elementor-section-height-default elementor-section-height-default\" data-id=\"0ab3dc5\" data-element_type=\"section\">\n\t\t\t\t\t\t<div class=\"elementor-container elementor-column-gap-default\">\n\t\t\t\t\t<div class=\"elementor-column elementor-col-100 elementor-top-column elementor-element elementor-element-af59854\" data-id=\"af59854\" data-element_type=\"column\">\n\t\t\t<div class=\"elementor-widget-wrap\">\n\t\t\t\t\t\t\t\t\t<\/div>\n\t\t<\/div>\n\t\t\t\t\t\t\t<\/div>\n\t\t<\/section>\n\t\t\t\t<section class=\"elementor-section elementor-top-section elementor-element elementor-element-d7802f5 elementor-section-boxed elementor-section-height-default elementor-section-height-default\" data-id=\"d7802f5\" data-element_type=\"section\">\n\t\t\t\t\t\t<div class=\"elementor-container elementor-column-gap-default\">\n\t\t\t\t\t<div class=\"elementor-column elementor-col-100 elementor-top-column elementor-element elementor-element-003227d\" data-id=\"003227d\" data-element_type=\"column\">\n\t\t\t<div class=\"elementor-widget-wrap elementor-element-populated\">\n\t\t\t\t\t\t\t\t<div class=\"elementor-element elementor-element-49409e9 elementor-widget elementor-widget-heading\" data-id=\"49409e9\" data-element_type=\"widget\" data-widget_type=\"heading.default\">\n\t\t\t\t<div class=\"elementor-widget-container\">\n\t\t\t<h2 class=\"elementor-heading-title elementor-size-default\">Como escolher o presente?<\/h2>\t\t<\/div>\n\t\t\t\t<\/div>\n\t\t\t\t<div class=\"elementor-element elementor-element-3cd6f0e elementor-widget elementor-widget-spacer\" data-id=\"3cd6f0e\" data-element_type=\"widget\" data-widget_type=\"spacer.default\">\n\t\t\t\t<div class=\"elementor-widget-container\">\n\t\t\t\t\t<div class=\"elementor-spacer\">\n\t\t\t<div class=\"elementor-spacer-inner\"><\/div>\n\t\t<\/div>\n\t\t\t\t<\/div>\n\t\t\t\t<\/div>\n\t\t\t\t\t<\/div>\n\t\t<\/div>\n\t\t\t\t\t\t\t<\/div>\n\t\t<\/section>\n\t\t\t\t<section class=\"elementor-section elementor-top-section elementor-element elementor-element-9fbdc81 elementor-section-boxed elementor-section-height-default elementor-section-height-default\" data-id=\"9fbdc81\" data-element_type=\"section\">\n\t\t\t\t\t\t<div class=\"elementor-container elementor-column-gap-default\">\n\t\t\t\t\t<div class=\"elementor-column elementor-col-100 elementor-top-column elementor-element elementor-element-3ed29dd\" data-id=\"3ed29dd\" data-element_type=\"column\">\n\t\t\t<div class=\"elementor-widget-wrap elementor-element-populated\">\n\t\t\t\t\t\t\t\t<div class=\"elementor-element elementor-element-8340023 elementor-widget elementor-widget-text-editor\" data-id=\"8340023\" data-element_type=\"widget\" data-widget_type=\"text-editor.default\">\n\t\t\t\t<div class=\"elementor-widget-container\">\n\t\t\t\t\t\t\t<p>Pensar nas qualidades da pessoa, o que ela gosta, ou at\u00e9 pegar dicas que ela deixou no ar\u00a0 v\u00e3o te ajudar na hora de escolher o presente, vamos combinar que uma surpresa \u00e9 sempre bem-vinda. Comece o dia preparando um caf\u00e9 na cama! Quem n\u00e3o ama isso, n\u00e9?!<\/p>\t\t\t\t\t\t<\/div>\n\t\t\t\t<\/div>\n\t\t\t\t\t<\/div>\n\t\t<\/div>\n\t\t\t\t\t\t\t<\/div>\n\t\t<\/section>\n\t\t\t\t<section class=\"elementor-section elementor-top-section elementor-element elementor-element-9d60ee4 elementor-section-boxed elementor-section-height-default elementor-section-height-default\" data-id=\"9d60ee4\" data-element_type=\"section\">\n\t\t\t\t\t\t<div class=\"elementor-container elementor-column-gap-default\">\n\t\t\t\t\t<div class=\"elementor-column elementor-col-50 elementor-top-column elementor-element elementor-element-5ac90a8\" data-id=\"5ac90a8\" data-element_type=\"column\">\n\t\t\t<div class=\"elementor-widget-wrap elementor-element-populated\">\n\t\t\t\t\t\t\t\t<div class=\"elementor-element elementor-element-0cda32b elementor-widget elementor-widget-text-editor\" data-id=\"0cda32b\" data-element_type=\"widget\" data-widget_type=\"text-editor.default\">\n\t\t\t\t<div class=\"elementor-widget-container\">\n\t\t\t\t\t\t\t<p>Se por acaso voc\u00ea estiver longe, enviar uma cesta deliciosa e recheada vai com certeza surpreender o seu amor. Um caf\u00e9 delicioso e \u00e9 claro um Croissant amanteigado direto do Pa\u00eds mais rom\u00e2ntico do mundo: Fran\u00e7a <a href=\"https:\/\/mais1cafe.com.br\/unidades\/\">(veja onde comprar essas del\u00edcias aqui)<\/a>, v\u00e3o tornar seu dia dos namorados cheio de amor! N\u00e3o esque\u00e7a de um docinho pra tornar o caf\u00e9 da manh\u00e3 perfeito.<\/p><p>\u00a0<\/p><p>De tarde, sair pra passear com seu amor e at\u00e9 quem sabe fazer um piquenique em algum lugar que seja especial pra voc\u00eas, o importante \u00e9 aproveitar esse dia da melhor forma poss\u00edvel com seu companheiro. N\u00e3o esque\u00e7a de entregar o presente na hora perfeita e mostrar o quanto essa pessoa \u00e9 especial pra voc\u00ea.<\/p><div>\u00a0Para finalizar, um jantar rom\u00e2ntico que seja a cara de voc\u00eas! N\u00e3o importa se debaixo das cobertas assistindo um filme ou em um restaurante elegante, fazer esse dia ser a cara do casal torna tudo mais especial.<\/div>\t\t\t\t\t\t<\/div>\n\t\t\t\t<\/div>\n\t\t\t\t\t<\/div>\n\t\t<\/div>\n\t\t\t\t<div class=\"elementor-column elementor-col-50 elementor-top-column elementor-element elementor-element-989440b\" data-id=\"989440b\" data-element_type=\"column\">\n\t\t\t<div class=\"elementor-widget-wrap elementor-element-populated\">\n\t\t\t\t\t\t\t\t<div class=\"elementor-element elementor-element-cfd17cd elementor-widget elementor-widget-image\" data-id=\"cfd17cd\" data-element_type=\"widget\" data-widget_type=\"image.default\">\n\t\t\t\t<div class=\"elementor-widget-container\">\n\t\t\t\t\t\t\t\t\t\t\t\t\t\t\t<img width=\"1024\" height=\"999\" src=\"https:\/\/mais1cafe.com.br\/diadosnamorados\/wp-content\/uploads\/2022\/05\/Ativo-4@4x-1024x999.png\" class=\"attachment-large size-large\" alt=\"\" loading=\"lazy\" srcset=\"https:\/\/mais1cafe.com.br\/diadosnamorados\/wp-content\/uploads\/2022\/05\/Ativo-4@4x-1024x999.png 1024w, https:\/\/mais1cafe.com.br\/diadosnamorados\/wp-content\/uploads\/2022\/05\/Ativo-4@4x-300x293.png 300w, https:\/\/mais1cafe.com.br\/diadosnamorados\/wp-content\/uploads\/2022\/05\/Ativo-4@4x-768x749.png 768w, https:\/\/mais1cafe.com.br\/diadosnamorados\/wp-content\/uploads\/2022\/05\/Ativo-4@4x-1536x1498.png 1536w, https:\/\/mais1cafe.com.br\/diadosnamorados\/wp-content\/uploads\/2022\/05\/Ativo-4@4x-2048x1997.png 2048w\" sizes=\"(max-width: 1024px) 100vw, 1024px\" \/>\t\t\t\t\t\t\t\t\t\t\t\t\t\t\t<\/div>\n\t\t\t\t<\/div>\n\t\t\t\t\t<\/div>\n\t\t<\/div>\n\t\t\t\t\t\t\t<\/div>\n\t\t<\/section>\n\t\t\t\t<section class=\"elementor-section elementor-top-section elementor-element elementor-element-f650075 elementor-section-boxed elementor-section-height-default elementor-section-height-default\" data-id=\"f650075\" data-element_type=\"section\">\n\t\t\t\t\t\t<div class=\"elementor-container elementor-column-gap-default\">\n\t\t\t\t\t<div class=\"elementor-column elementor-col-100 elementor-top-column elementor-element elementor-element-7335e8f\" data-id=\"7335e8f\" data-element_type=\"column\">\n\t\t\t<div class=\"elementor-widget-wrap elementor-element-populated\">\n\t\t\t\t\t\t\t\t<div class=\"elementor-element elementor-element-6ca86dd elementor-widget elementor-widget-heading\" data-id=\"6ca86dd\" data-element_type=\"widget\" data-widget_type=\"heading.default\">\n\t\t\t\t<div class=\"elementor-widget-container\">\n\t\t\t<h3 class=\"elementor-heading-title elementor-size-default\">Feliz dia dos namorados &lt;3<\/h3>\t\t<\/div>\n\t\t\t\t<\/div>\n\t\t\t\t\t<\/div>\n\t\t<\/div>\n\t\t\t\t\t\t\t<\/div>\n\t\t<\/section>\n\t\t\t\t<section class=\"elementor-section elementor-top-section elementor-element elementor-element-981ea8e elementor-section-boxed elementor-section-height-default elementor-section-height-default\" data-id=\"981ea8e\" data-element_type=\"section\" data-settings=\"{&quot;background_background&quot;:&quot;classic&quot;}\">\n\t\t\t\t\t\t<div class=\"elementor-container elementor-column-gap-default\">\n\t\t\t\t\t<div class=\"elementor-column elementor-col-100 elementor-top-column elementor-element elementor-element-b339e28\" data-id=\"b339e28\" data-element_type=\"column\">\n\t\t\t<div class=\"elementor-widget-wrap elementor-element-populated\">\n\t\t\t\t\t\t\t\t<div class=\"elementor-element elementor-element-a5506e0 elementor-widget elementor-widget-image\" data-id=\"a5506e0\" data-element_type=\"widget\" data-widget_type=\"image.default\">\n\t\t\t\t<div class=\"elementor-widget-container\">\n\t\t\t\t\t\t\t\t\t\t\t\t\t\t\t\t<a href=\"https:\/\/www.mais1cafe.com.br\/mais1.cafe\">\n\t\t\t\t\t\t\t<img width=\"1024\" height=\"170\" src=\"https:\/\/mais1cafe.com.br\/diadosnamorados\/wp-content\/uploads\/2022\/05\/instagram@4x-1024x170.png\" class=\"attachment-large size-large\" alt=\"\" loading=\"lazy\" srcset=\"https:\/\/mais1cafe.com.br\/diadosnamorados\/wp-content\/uploads\/2022\/05\/instagram@4x-1024x170.png 1024w, https:\/\/mais1cafe.com.br\/diadosnamorados\/wp-content\/uploads\/2022\/05\/instagram@4x-300x50.png 300w, https:\/\/mais1cafe.com.br\/diadosnamorados\/wp-content\/uploads\/2022\/05\/instagram@4x-768x128.png 768w, https:\/\/mais1cafe.com.br\/diadosnamorados\/wp-content\/uploads\/2022\/05\/instagram@4x-1536x255.png 1536w, https:\/\/mais1cafe.com.br\/diadosnamorados\/wp-content\/uploads\/2022\/05\/instagram@4x-2048x341.png 2048w\" sizes=\"(max-width: 1024px) 100vw, 1024px\" \/>\t\t\t\t\t\t\t\t<\/a>\n\t\t\t\t\t\t\t\t\t\t\t\t\t\t\t<\/div>\n\t\t\t\t<\/div>\n\t\t\t\t\t<\/div>\n\t\t<\/div>\n\t\t\t\t\t\t\t<\/div>\n\t\t<\/section>\n\t\t\t\t\t\t\t<\/div>\n\t\t","protected":false},"excerpt":{"rendered":"<p>Dicas para curtir o dia dos namorados O romance est\u00e1 no ar, o dia dos namorados est\u00e1 chegando e todo mundo sabe que essa data n\u00e3o pode passar em branco para os casais &lt;3 Seja pro crush, namorados ou casados, fazer uma coisa especial pro seu amor torna esse dia incr\u00edvel! Como escolher o presente? [&hellip;]<\/p>\n","protected":false},"author":1,"featured_media":0,"parent":0,"menu_order":0,"comment_status":"closed","ping_status":"closed","template":"elementor_canvas","meta":{"om_disable_all_campaigns":false,"_mi_skip_tracking":false},"_links":{"self":[{"href":"https:\/\/mais1cafe.com.br\/diadosnamorados\/index.php\/wp-json\/wp\/v2\/pages\/31"}],"collection":[{"href":"https:\/\/mais1cafe.com.br\/diadosnamorados\/index.php\/wp-json\/wp\/v2\/pages"}],"about":[{"href":"https:\/\/mais1cafe.com.br\/diadosnamorados\/index.php\/wp-json\/wp\/v2\/types\/page"}],"author":[{"embeddable":true,"href":"https:\/\/mais1cafe.com.br\/diadosnamorados\/index.php\/wp-json\/wp\/v2\/users\/1"}],"replies":[{"embeddable":true,"href":"https:\/\/mais1cafe.com.br\/diadosnamorados\/index.php\/wp-json\/wp\/v2\/comments?post=31"}],"version-history":[{"count":21,"href":"https:\/\/mais1cafe.com.br\/diadosnamorados\/index.php\/wp-json\/wp\/v2\/pages\/31\/revisions"}],"predecessor-version":[{"id":144,"href":"https:\/\/mais1cafe.com.br\/diadosnamorados\/index.php\/wp-json\/wp\/v2\/pages\/31\/revisions\/144"}],"wp:attachment":[{"href":"https:\/\/mais1cafe.com.br\/diadosnamorados\/index.php\/wp-json\/wp\/v2\/media?parent=31"}],"curies":[{"name":"wp","href":"https:\/\/api.w.org\/{rel}","templated":true}]}}